{"id":1385,"date":"2021-01-18T17:48:12","date_gmt":"2021-01-18T20:48:12","guid":{"rendered":"http:\/\/ecomod.rdi2k.com.ar\/?page_id=1385"},"modified":"2021-01-26T18:16:29","modified_gmt":"2021-01-26T21:16:29","slug":"aberturas","status":"publish","type":"page","link":"http:\/\/ecomod.rdi2k.com.ar\/index.php\/aberturas\/","title":{"rendered":""},"content":{"rendered":"\n<h1 class=\"wp-block-heading\"><span class=\"has-inline-color has-luminous-vivid-amber-color\">ABERTURAS<\/span><\/h1>\n\n\n\n<p><span class=\"has-inline-color has-black-color\">Utilizamos doble vidriado herm\u00e9tico<strong> (DVH) <\/strong>en todos nuestros modelos. Construidas con perfiles de <strong>aluminio Aluar<\/strong> <em>(l\u00ednea Modena)<\/em>, o <strong>PVC Rehau<\/strong> <em>(l\u00ednea EURO-DESIGN SLIDE S920 y EURO-DESIGN 60)<\/em>. <\/span><br><span class=\"has-inline-color has-black-color\">Herrajes de alta prestaci\u00f3n.<\/span><\/p>\n","protected":false},"excerpt":{"rendered":"<p>ABERTURAS Utilizamos doble vidriado herm\u00e9tico (DVH) en todos nuestros modelos. Construidas con perfiles de aluminio Aluar (l\u00ednea Modena), o PVC Rehau (l\u00ednea EURO-DESIGN SLIDE S920 y EURO-DESIGN 60). Herrajes de alta prestaci\u00f3n.<\/p>\n","protected":false},"author":1,"featured_media":1885,"parent":0,"menu_order":0,"comment_status":"closed","ping_status":"closed","template":"","meta":{"footnotes":""},"jetpack_sharing_enabled":true,"_links":{"self":[{"href":"http:\/\/ecomod.rdi2k.com.ar\/index.php\/wp-json\/wp\/v2\/pages\/1385"}],"collection":[{"href":"http:\/\/ecomod.rdi2k.com.ar\/index.php\/wp-json\/wp\/v2\/pages"}],"about":[{"href":"http:\/\/ecomod.rdi2k.com.ar\/index.php\/wp-json\/wp\/v2\/types\/page"}],"author":[{"embeddable":true,"href":"http:\/\/ecomod.rdi2k.com.ar\/index.php\/wp-json\/wp\/v2\/users\/1"}],"replies":[{"embeddable":true,"href":"http:\/\/ecomod.rdi2k.com.ar\/index.php\/wp-json\/wp\/v2\/comments?post=1385"}],"version-history":[{"count":4,"href":"http:\/\/ecomod.rdi2k.com.ar\/index.php\/wp-json\/wp\/v2\/pages\/1385\/revisions"}],"predecessor-version":[{"id":2477,"href":"http:\/\/ecomod.rdi2k.com.ar\/index.php\/wp-json\/wp\/v2\/pages\/1385\/revisions\/2477"}],"wp:featuredmedia":[{"embeddable":true,"href":"http:\/\/ecomod.rdi2k.com.ar\/index.php\/wp-json\/wp\/v2\/media\/1885"}],"wp:attachment":[{"href":"http:\/\/ecomod.rdi2k.com.ar\/index.php\/wp-json\/wp\/v2\/media?parent=1385"}],"curies":[{"name":"wp","href":"https:\/\/api.w.org\/{rel}","templated":true}]}}